{"id":13,"date":"2015-03-19T21:23:14","date_gmt":"2015-03-19T21:23:14","guid":{"rendered":"http:\/\/www.friendsofvictoire.org\/fr\/?page_id=13"},"modified":"2015-03-21T23:27:55","modified_gmt":"2015-03-21T23:27:55","slug":"famille-carriere-et-communaute","status":"publish","type":"page","link":"https:\/\/www.friendsofvictoire.org\/fr\/famille-carriere-et-communaute\/","title":{"rendered":"Famille, Carri\u00e8re et Communaut\u00e9"},"content":{"rendered":"<h4 style=\"text-align: left;\"><strong>Engagement dans la vie associative<\/strong><\/h4>\n<hr noshade=\"noshade\" size=\"6\" \/>\n<div class=\"csRow\">\n<div class=\"csColumnGap\" style=\"margin: 0px; padding: 0px; float: left; width: 4.9%;\"><img decoding=\"async\" style=\"border: none;\" src=\"http:\/\/www.friendsofvictoire.org\/wp-content\/plugins\/advanced-wp-columns\/assets\/js\/plugins\/views\/img\/1x1-pixel.png\" alt=\"\" \/><\/div>\n<div class=\"csColumn\" style=\"margin: 0px; padding: 0px; float: left; width: 34.3%;\" data-csstartpoint=\"47\" data-csendpoint=\"376\" data-cswidth=\"34.3%\" data-csid=\"9b95f4c4-461b-9b46-8799-caf08a330672\">\n<p><img loading=\"lazy\" decoding=\"async\" src=\"http:\/\/www.friendsofvictoire.org\/wp-content\/uploads\/2014\/03\/Victoire-Young-Womens-Community-Activist-300x199.jpg\" alt=\"\" width=\"300\" height=\"199\" \/><\/p>\n<\/div>\n<div class=\"csColumnGap\" style=\"margin: 0px; padding: 0px; float: left; width: 2.6%;\"><img decoding=\"async\" style=\"border: none;\" src=\"http:\/\/www.friendsofvictoire.org\/wp-content\/plugins\/advanced-wp-columns\/assets\/js\/plugins\/views\/img\/1x1-pixel.png\" alt=\"\" \/><\/div>\n<div class=\"csColumn\" style=\"margin: 0px; padding: 0px; float: left; width: 49%;\" data-csstartpoint=\"401\" data-csendpoint=\"871\" data-cswidth=\"49.0%\" data-csid=\"a23b8396-6e38-069b-8d88-5c75654d6e69\">\n<p style=\"text-align: justify;\"><em>D\u00e8s le d\u00e9but de la trag\u00e9die Rwandaise en 94, victoire Ingabire d\u00e9veloppa son engagement communautaire dans des associations locales de sa communaut\u00e9 ainsi que dans des associations des femmes au niveau national au \u00abPays-Bas.<\/em>.<\/p>\n<p style=\"text-align: justify;\"><em>Victoire Ingabire Umuhoza \u00e9tait particuli\u00e8rement touch\u00e9e par l\u2019injustice subi par les refugi\u00e9s Rwandais dans les diff\u00e9rents camps des refugi\u00e9s \u00e9tablis en R\u00e9publique D\u00e9mocratique du Congo.<\/em>.<\/p>\n<\/div>\n<div class=\"csColumnGap\" style=\"margin: 0px; padding: 0px; float: left; width: 9.27%;\">\n<p><img decoding=\"async\" style=\"border: none;\" src=\"http:\/\/www.friendsofvictoire.org\/wp-content\/plugins\/advanced-wp-columns\/assets\/js\/plugins\/views\/img\/1x1-pixel.png\" alt=\"\" \/><\/p>\n<div style=\"clear: both; float: none; display: block; visibility: hidden; width: 0px; font-size: 0px; line-height: 0;\"><\/div>\n<\/div>\n<hr noshade=\"noshade\" size=\"6\" \/>\n<p style=\"text-align: justify;\">Victoire Ingabire est membre fondatrices de plusieurs diff\u00e9rentes associations et fondations dans le domaine syndical:<\/p>\n<ul>\n<li style=\"text-align: justify;\"><strong>Association Contact, Dialogue et Actions Caritatives (CODAC)<\/strong> qui a pour objet de donner un soutien moral, mat\u00e9riel et aide juridiques aux r\u00e9fugi\u00e9s r\u00e9sidant au Pays-Bas ou dans leur r\u00e9gion;<\/li>\n<li style=\"text-align: justify;\"><strong>Association URAHO<\/strong> une association des femmes rwandaises refugi\u00e9es aux Pays-Bas, qui aide ses femme rwandaises de sortir de leur isolement et s\u2019int\u00e9grer dans la soci\u00e9t\u00e9 n\u00e9erlandaise, procurer une assistance aux enfants non accompagn\u00e9s et demandeurs d\u2019asile;<\/li>\n<li style=\"text-align: justify;\"><strong>Fondation PROJUSTITIA-Rwanda<\/strong>, engag\u00e9 dans le combat de favoriser une justice \u00e9quitable et pour tous les victimes de la trag\u00e9die rwandaise;<\/li>\n<li style=\"text-align: justify;\"><strong>HARAMBE<\/strong>, une plate-forme d\u2019associations des femmes africaines des Pays-Bas, ayant pour objectif de promouvoir le d\u00e9veloppement des femmes africaines sur le continent.<\/li>\n<li style=\"text-align: justify;\">Victoire Ingabire Umuhoza fut aussi membre du comit\u00e9 ex\u00e9cutif de <strong>ZWALU<\/strong>, une plate-forme regroupant des femmes \u00e9trang\u00e8res vivant aux Pays-Bas pour promouvoir leur \u00e9mancipation.<\/li>\n<\/ul>\n<h4><strong>Sa carri\u00e8re et sa vie familiale<\/strong><\/h4>\n<hr noshade=\"noshade\" size=\"6\" \/>\n<div id=\"attachment_57\" style=\"width: 310px\" class=\"wp-caption alignleft\"><img loading=\"lazy\" decoding=\"async\" aria-describedby=\"caption-attachment-57\" class=\"wp-image-57 size-medium\" src=\"http:\/\/www.friendsofvictoire.org\/fr\/wp-content\/uploads\/2015\/03\/Lin-Muyizere-Raissa-Ujeneza-Victoire-Rist-Shimwa-Remy-Ndizeye-Niyigena-300x225.jpg\" alt=\"Lin-Muyizere-Raissa-Ujeneza-Victoire-Rist-Shimwa-Remy-Ndizeye-Niyigena\" width=\"300\" height=\"225\" srcset=\"https:\/\/www.friendsofvictoire.org\/fr\/wp-content\/uploads\/2015\/03\/Lin-Muyizere-Raissa-Ujeneza-Victoire-Rist-Shimwa-Remy-Ndizeye-Niyigena-300x225.jpg 300w, https:\/\/www.friendsofvictoire.org\/fr\/wp-content\/uploads\/2015\/03\/Lin-Muyizere-Raissa-Ujeneza-Victoire-Rist-Shimwa-Remy-Ndizeye-Niyigena-200x150.jpg 200w, https:\/\/www.friendsofvictoire.org\/fr\/wp-content\/uploads\/2015\/03\/Lin-Muyizere-Raissa-Ujeneza-Victoire-Rist-Shimwa-Remy-Ndizeye-Niyigena-150x113.jpg 150w, https:\/\/www.friendsofvictoire.org\/fr\/wp-content\/uploads\/2015\/03\/Lin-Muyizere-Raissa-Ujeneza-Victoire-Rist-Shimwa-Remy-Ndizeye-Niyigena.jpg 720w\" sizes=\"auto, (max-width: 300px) 100vw, 300px\" \/><p id=\"caption-attachment-57\" class=\"wp-caption-text\">Victoire Ingabire et sa famille &#8211; Janvier 2010<\/p><\/div>\n<p style=\"text-align: justify;\">Mari\u00e9e et m\u00e8re de 3 enfants, Victoire Ingabire Umuhoza a une formation en droit commercial, et un dipl\u00f4me en gestion \u00e9conomique et gestions des entreprises obtenues aux Pays-Bas. Elle travaillait comme cadre dans une firme comptable internationale bas\u00e9 au pays bas et \u00e9tait en charge du d\u00e9partement comptable de ses 25 succursales en Europe, en Asie et en Afrique.<\/p>\n<p style=\"text-align: justify;\">Au moment du g\u00e9nocide rwandais en 1994, victoire \u00e9taient aux \u00e9tudes aux pays bs. Son mari Lin Muyizere et leurs deux enfants Ra\u00efssa et R\u00e9my l\u2019on rejoint par apr\u00e8s et ce gr\u00e2ce aux efforts de son avocat Jan Hofdijk et de M\u00e9decins sans fronti\u00e8res.<\/p>\n<h4 style=\"text-align: justify;\"><strong>Carri\u00e8re politique<\/strong><\/h4>\n<hr noshade=\"noshade\" size=\"6\" \/>\n<p style=\"text-align: justify;\">En 1996, elle a rejoint le Rassemblement pour le Retour des Refugies et la d\u00e9mocratie au Rwanda (RDR) en tant que premi\u00e8re femme membre, et elle est par apr\u00e8s devenue son repr\u00e9sentant officiel au niveau international.<\/p>\n<p style=\"text-align: justify;\">Dans les ann\u00e9es qui ont suivies, elle a pu r\u00e9unir diff\u00e9rents politiciens rwandais en exiles, et entant que chef du RDR elle opta pour une coalition entre diff\u00e9rents partis et organisations politiques Rwandais. Comme l\u2019indique Lynn Muyizere, son mari :\u00ab elle \u00e9tait convaincue que les probl\u00e8mes rwandais sont d\u2019origine politique et que pour les r\u00e9gler, il fallait des solutions politiques fortes. Son objectif a \u00e9t\u00e9 et reste toujours d\u00ab,amener la d\u00e9mocratie et la r\u00e9conciliation au Rwanda, par la voie de dialogue, et c\u2019est dans ce sens que le FDU (Force D\u00e9mocratique Unifi\u00e9es) ont vu le jour\u00bb.<\/p>\n<\/div>\n","protected":false},"excerpt":{"rendered":"<p>Engagement dans la vie associative D\u00e8s le d\u00e9but de la trag\u00e9die Rwandaise en 94, victoire Ingabire d\u00e9veloppa son engagement communautaire dans des associations locales de sa communaut\u00e9 ainsi que dans des associations des femmes au niveau national au \u00abPays-Bas.. Victoire Ingabire Umuhoza \u00e9tait particuli\u00e8rement touch\u00e9e par l\u2019injustice subi par les \u2026<\/p>\n<p> <a class=\"continue-reading-link\" href=\"https:\/\/www.friendsofvictoire.org\/fr\/famille-carriere-et-communaute\/\">Continuer \u00e0 lire<i class=\"icon-right-dir\"><\/i><\/a><\/p>\n","protected":false},"author":1,"featured_media":60,"parent":0,"menu_order":0,"comment_status":"closed","ping_status":"closed","template":"","meta":{"footnotes":""},"class_list":["post-13","page","type-page","status-publish","has-post-thumbnail","hentry"],"_links":{"self":[{"href":"https:\/\/www.friendsofvictoire.org\/fr\/wp-json\/wp\/v2\/pages\/13","targetHints":{"allow":["GET"]}}],"collection":[{"href":"https:\/\/www.friendsofvictoire.org\/fr\/wp-json\/wp\/v2\/pages"}],"about":[{"href":"https:\/\/www.friendsofvictoire.org\/fr\/wp-json\/wp\/v2\/types\/page"}],"author":[{"embeddable":true,"href":"https:\/\/www.friendsofvictoire.org\/fr\/wp-json\/wp\/v2\/users\/1"}],"replies":[{"embeddable":true,"href":"https:\/\/www.friendsofvictoire.org\/fr\/wp-json\/wp\/v2\/comments?post=13"}],"version-history":[{"count":5,"href":"https:\/\/www.friendsofvictoire.org\/fr\/wp-json\/wp\/v2\/pages\/13\/revisions"}],"predecessor-version":[{"id":88,"href":"https:\/\/www.friendsofvictoire.org\/fr\/wp-json\/wp\/v2\/pages\/13\/revisions\/88"}],"wp:featuredmedia":[{"embeddable":true,"href":"https:\/\/www.friendsofvictoire.org\/fr\/wp-json\/wp\/v2\/media\/60"}],"wp:attachment":[{"href":"https:\/\/www.friendsofvictoire.org\/fr\/wp-json\/wp\/v2\/media?parent=13"}],"curies":[{"name":"wp","href":"https:\/\/api.w.org\/{rel}","templated":true}]}}