{"id":26,"date":"2015-03-19T23:02:34","date_gmt":"2015-03-19T23:02:34","guid":{"rendered":"http:\/\/www.friendsofvictoire.org\/fr\/?page_id=26"},"modified":"2015-03-19T23:44:40","modified_gmt":"2015-03-19T23:44:40","slug":"soutenir","status":"publish","type":"page","link":"https:\/\/www.friendsofvictoire.org\/fr\/soutenir\/","title":{"rendered":"Nous soutenir"},"content":{"rendered":"<h3>Vos dons sont indispensables !<\/h3>\n<p>&nbsp;<\/p>\n<div class=\"csRow\">\n<div class=\"csColumn\" style=\"margin: 0px; padding: 0px; float: left; width: 34.7%;\" data-csstartpoint=\"0\" data-csendpoint=\"333\" data-cswidth=\"34.7%\" data-csid=\"2fb61a9f-5214-9188-870d-7cb0afd04cad\">\n<p style=\"text-align: justify;\">En donnant aux Friends of Victoire, vous offrez \u00e0 nos b\u00e9n\u00e9voles les moyens d&rsquo;agir, jour apr\u00e8s jour, pour plaider la cause de Victoire Ingabire partout dans le monde.\n<\/p>\n<h3 style=\"text-align: left;\">Dons en-ligne:<\/h3>\n<p style=\"text-align: justify;\">Utilisez ce formulaire pour faire un don de maniere<strong> s\u00e9curis\u00e9e<\/strong>, rapide et <strong>confidentielle<\/strong> avec ou sans compte PayPal<\/p>\n<h3 style=\"text-align: left;\">Don par virement bancaire:<\/h3>\n<p><strong>Nom de banque<\/strong>:HSBC;<br \/>\n<strong>Nom du beneficiaire<\/strong>: Friends of Victoire;<br \/>\n<strong>Code bancaire<\/strong>: 40-25-49;<br \/>\n<strong>Numero de compte<\/strong>: 60216062;<br \/>\n<strong>IBAN<\/strong>: GB71MIDL40254960216062;<br \/>\n<strong>BIC<\/strong>: MIDLGB22.<\/p>\n<p><!-- PayPal Logo --><\/p>\n<table border=\"0\" cellspacing=\"0\" cellpadding=\"10\" align=\"center\">\n<tbody>\n<tr>\n<td align=\"center\"><a title=\"How PayPal Works\" href=\"https:\/\/www.paypal.com\/uk\/webapps\/mpp\/paypal-popup\"><img decoding=\"async\" src=\"https:\/\/www.paypalobjects.com\/webstatic\/mktg\/Logo\/AM_mc_vs_ms_ae_UK.png\" alt=\"PayPal Acceptance Mark\" border=\"0\" \/><\/a><\/td>\n<\/tr>\n<\/tbody>\n<\/table>\n<p><!-- PayPal Logo --><\/p>\n<\/div>\n<div class=\"csColumnGap\" style=\"margin: 0px; padding: 0px; float: left; width: 8.44%;\"><img decoding=\"async\" style=\"border: none;\" src=\"http:\/\/www.friendsofvictoire.org\/wp-content\/plugins\/advanced-wp-columns\/assets\/js\/plugins\/views\/img\/1x1-pixel.png\" alt=\"\" \/><\/div>\n<div class=\"csColumn\" style=\"margin: 0px; padding: 0px; float: left; width: 43.1%;\" data-csstartpoint=\"414\" data-csendpoint=\"828\" data-cswidth=\"43.1%\" data-csid=\"e3addb32-7c7a-f350-a7f7-f55225105ae7\">\n<script type=\"text\/javascript\">\n var cp_contactformpp_ready_to_go = false;\n function doValidate_1(form)\n {\n    if (cp_contactformpp_ready_to_go) return false; \n    $dexQuery = jQuery;\n    document.cp_contactformpp_pform_1.cp_ref_page.value = document.location;\n     if ($dexQuery(\"#hdcaptcha_cp_contact_form_paypal_post_1\").val() == '')\n    {\n        setTimeout( \"cfwpp_cerror_1()\", 100);\n        return false;\n    }\n    var result = $dexQuery.ajax({\n        type: \"GET\",\n        url: \"\/fr?ps=_1\"+String.fromCharCode(38)+\"hdcaptcha_cp_contact_form_paypal_post=\"+$dexQuery(\"#hdcaptcha_cp_contact_form_paypal_post_1\").val(),\n        async: false\n    }).responseText;\n    if (result.indexOf(\"captchafailed\") != -1)\n    {\n        $dexQuery(\"#captchaimg_1\").attr('src', $dexQuery(\"#captchaimg_1\").attr('src')+'&'+Math.floor((Math.random() * 99999) + 1));      \n        setTimeout( \"cfwpp_cerror_1()\", 100);\n        return false;\n    }\n    else     {\n        var cpefb_error = 0;\n        $dexQuery(\"#cp_contactformpp_pform_1\").find(\".cpefb_error\").each(function(index){\n            if ($dexQuery(this).css(\"display\")!=\"none\")\n                cpefb_error++;    \n            });\n        if (cpefb_error) return false;    \n        cp_contactformpp_ready_to_go = true;\n        cfwpp_blink(\".pbSubmit\");\n        document.getElementById(\"form_structure_1\").value = '';    \n        return true;\n    }\n }\nfunction cfwpp_cerror_1(){$dexQuery = jQuery;$dexQuery(\"#hdcaptcha_error_1\").css('top',$dexQuery(\"#hdcaptcha_cp_contact_form_paypal_post_1\").outerHeight());$dexQuery(\"#hdcaptcha_error_1\").css(\"display\",\"inline\");}\nfunction cfwpp_blink(selector){\n        try {   \n            $dexQuery = jQuery;\n            $dexQuery(selector).fadeOut(1000, function(){\n                $dexQuery(this).fadeIn(1000, function(){\n                    try {\n                        if (cp_contactformpp_ready_to_go)\n                            cfwpp_blink(this); \n                    } catch (e) {}  \n                });\n            });         \n        } catch (e) {}           \n}\n<\/script>    \n    <\/form class=\"cfwppformfix\">\r\n<form class=\"cpp_form no-prefetch\" name=\"cp_contactformpp_pform_1\" id=\"cp_contactformpp_pform_1\" action=\"\" method=\"post\" enctype=\"multipart\/form-data\" onsubmit=\"return doValidate_1(this);\"><input type=\"hidden\" name=\"cp_pform_psequence\" value=\"_1\" \/><input type=\"hidden\" name=\"cp_contactformpp_pform_process\" value=\"1\" \/><input type=\"hidden\" name=\"cp_contactformpp_id\" value=\"1\" \/><input type=\"hidden\" name=\"cp_ref_page\" value=\"\" \/><input type=\"hidden\" name=\"form_structure_1\" id=\"form_structure_1\" size=\"180\" value=\"[[{&quot;name&quot;:&quot;email&quot;,&quot;index&quot;:0,&quot;title&quot;:&quot;E-Mail&quot;,&quot;ftype&quot;:&quot;femail&quot;,&quot;userhelp&quot;:&quot;&quot;,&quot;csslayout&quot;:&quot;&quot;,&quot;required&quot;:true,&quot;predefined&quot;:&quot;&quot;,&quot;size&quot;:&quot;medium&quot;,&quot;userhelpTooltip&quot;:&quot;&quot;},{&quot;name&quot;:&quot;subject&quot;,&quot;index&quot;:1,&quot;title&quot;:&quot;Objet&quot;,&quot;required&quot;:true,&quot;ftype&quot;:&quot;ftext&quot;,&quot;userhelp&quot;:&quot;&quot;,&quot;csslayout&quot;:&quot;&quot;,&quot;predefined&quot;:&quot;&quot;,&quot;size&quot;:&quot;medium&quot;,&quot;userhelpTooltip&quot;:&quot;&quot;},{&quot;name&quot;:&quot;message&quot;,&quot;index&quot;:2,&quot;size&quot;:&quot;large&quot;,&quot;required&quot;:true,&quot;title&quot;:&quot;Message&quot;,&quot;ftype&quot;:&quot;ftextarea&quot;,&quot;userhelp&quot;:&quot;&quot;,&quot;csslayout&quot;:&quot;&quot;,&quot;predefined&quot;:&quot;&quot;,&quot;userhelpTooltip&quot;:&quot;&quot;}],[{&quot;title&quot;:&quot;&quot;,&quot;description&quot;:&quot;&quot;,&quot;formlayout&quot;:&quot;top_aligned&quot;}]]\" \/>\r\n<div id=\"fbuilder\">\r\n  <div id=\"fbuilder_1\">\r\n      <div id=\"formheader_1\"><\/div>\r\n      <div id=\"fieldlist_1\"><\/div>\r\n  <\/div>\r\n<\/div>    \r\n<div style=\"display:none\">\r\n<div id=\"cpcaptchalayer_1\">\r\n  <br \/>S&#039;il vous pla\u00eet entrer le code de s\u00e9curit\u00e9:<br \/>\r\n  <img decoding=\"async\" src=\"\/fr\/?cp_contactformpp=captcha&ps=_1&width=180&height=60&letter_count=5&min_size=25&max_size=35&noise=200&noiselength=4&bcolor=ffffff&border=000000&font=font-1.ttf\"  id=\"captchaimg_1\" alt=\"security code\" border=\"0\" class=\"skip-lazy\"  \/>\r\n  <br \/>\r\n  Code de s\u00e9curit\u00e9:<br \/>\r\n  <div class=\"dfield\">\r\n   <input type=\"text\" size=\"20\" name=\"hdcaptcha_cp_contact_form_paypal_post\" id=\"hdcaptcha_cp_contact_form_paypal_post_1\" value=\"\" \/>\r\n   <div class=\"cpefb_error message\" id=\"hdcaptcha_error_1\" generated=\"true\" style=\"display:none;position: absolute; left: 0px; top: 25px;\">Captcha code incorrect. Se il vous pla\u00eet essayer \u00e0 nouveau.<\/div>\r\n  <\/div>\r\n  <br \/>\r\n<\/div>\r\n<\/div>\r\n<div id=\"cp_subbtn_1\" class=\"cp_subbtn\">Submit<\/div>\r\n<div style=\"clear:both\"><\/div>\r\n<\/form>\n<\/div>\n<div class=\"csColumnGap\" style=\"margin: 0px; padding: 0px; float: left; width: 13.8%;\"><img decoding=\"async\" style=\"border: none;\" src=\"http:\/\/www.friendsofvictoire.org\/wp-content\/plugins\/advanced-wp-columns\/assets\/js\/plugins\/views\/img\/1x1-pixel.png\" alt=\"\" \/><\/div>\n<div style=\"clear: both; float: none; display: block; visibility: hidden; width: 0px; font-size: 0px; line-height: 0;\"><\/div>\n<\/div>\n","protected":false},"excerpt":{"rendered":"<p>Vos dons sont indispensables ! &nbsp; En donnant aux Friends of Victoire, vous offrez \u00e0 nos b\u00e9n\u00e9voles les moyens d&rsquo;agir, jour apr\u00e8s jour, pour plaider la cause de Victoire Ingabire partout dans le monde. Dons en-ligne: Utilisez ce formulaire pour faire un don de maniere s\u00e9curis\u00e9e, rapide et confidentielle avec \u2026<\/p>\n<p> <a class=\"continue-reading-link\" href=\"https:\/\/www.friendsofvictoire.org\/fr\/soutenir\/\">Continuer \u00e0 lire<i class=\"icon-right-dir\"><\/i><\/a><\/p>\n","protected":false},"author":1,"featured_media":65,"parent":0,"menu_order":0,"comment_status":"closed","ping_status":"closed","template":"","meta":{"footnotes":""},"class_list":["post-26","page","type-page","status-publish","has-post-thumbnail","hentry"],"_links":{"self":[{"href":"https:\/\/www.friendsofvictoire.org\/fr\/wp-json\/wp\/v2\/pages\/26","targetHints":{"allow":["GET"]}}],"collection":[{"href":"https:\/\/www.friendsofvictoire.org\/fr\/wp-json\/wp\/v2\/pages"}],"about":[{"href":"https:\/\/www.friendsofvictoire.org\/fr\/wp-json\/wp\/v2\/types\/page"}],"author":[{"embeddable":true,"href":"https:\/\/www.friendsofvictoire.org\/fr\/wp-json\/wp\/v2\/users\/1"}],"replies":[{"embeddable":true,"href":"https:\/\/www.friendsofvictoire.org\/fr\/wp-json\/wp\/v2\/comments?post=26"}],"version-history":[{"count":5,"href":"https:\/\/www.friendsofvictoire.org\/fr\/wp-json\/wp\/v2\/pages\/26\/revisions"}],"predecessor-version":[{"id":30,"href":"https:\/\/www.friendsofvictoire.org\/fr\/wp-json\/wp\/v2\/pages\/26\/revisions\/30"}],"wp:featuredmedia":[{"embeddable":true,"href":"https:\/\/www.friendsofvictoire.org\/fr\/wp-json\/wp\/v2\/media\/65"}],"wp:attachment":[{"href":"https:\/\/www.friendsofvictoire.org\/fr\/wp-json\/wp\/v2\/media?parent=26"}],"curies":[{"name":"wp","href":"https:\/\/api.w.org\/{rel}","templated":true}]}}