{"id":32,"date":"2015-03-19T23:21:17","date_gmt":"2015-03-19T23:21:17","guid":{"rendered":"http:\/\/www.friendsofvictoire.org\/fr\/?page_id=32"},"modified":"2015-03-21T21:57:17","modified_gmt":"2015-03-21T21:57:17","slug":"intervenir","status":"publish","type":"page","link":"https:\/\/www.friendsofvictoire.org\/fr\/intervenir\/","title":{"rendered":"Participez"},"content":{"rendered":"<div class=\"csRow\">\n<div class=\"csColumn\" style=\"margin: 0px; padding: 0px; float: left; width: 29.2%;\" data-csstartpoint=\"0\" data-csendpoint=\"280\" data-cswidth=\"29.2%\" data-csid=\"24299dd8-ed11-90d1-ad3e-7b1d9a99705a\">\n<h3 style=\"text-align: justify;\">Devenir un ami<\/h3>\n<h3><img loading=\"lazy\" decoding=\"async\" style=\"font-size: 16px;\" src=\"http:\/\/www.friendsofvictoire.org\/wp-content\/uploads\/2014\/03\/become-a-friend-of-victoire.jpg\" alt=\"\" width=\"300\" height=\"220\" \/><\/h3>\n<p style=\"text-align: justify;\">Rejoignez notre communaut\u00e9 des Friends of Victoire et d&rsquo;utiliser vos talents, vos comp\u00e9tences professionnelles et \u00e9nergie pour d\u00e9fendre Victoire Ingabire Umuhoza et ses camarades de lutte.<\/p>\n<\/div>\n<div class=\"csColumnGap\" style=\"margin: 0px; padding: 0px; float: left; width: 4.58%;\"><img decoding=\"async\" style=\"border: none;\" src=\"http:\/\/www.friendsofvictoire.org\/wp-content\/plugins\/advanced-wp-columns\/assets\/js\/plugins\/views\/img\/1x1-pixel.png\" alt=\"\" \/><\/div>\n<div class=\"csColumn\" style=\"margin: 0px; padding: 0px; float: left; width: 29%;\" data-csstartpoint=\"324\" data-csendpoint=\"602\" data-cswidth=\"29.0%\" data-csid=\"caaa8e9f-61a4-8dc3-9975-d1d85d0b85e4\">\n<h3 style=\"text-align: justify;\"><a title=\"Nous contacter\" href=\"http:\/\/www.friendsofvictoire.org\/fr\/nous-contacter\/\">Devenir b\u00e9n\u00e9vole<\/a><\/h3>\n<h3><img loading=\"lazy\" decoding=\"async\" style=\"font-size: 16px;\" src=\"http:\/\/www.friendsofvictoire.org\/wp-content\/uploads\/2014\/03\/volunteers.gif\" alt=\"\" width=\"300\" height=\"220\" \/><\/h3>\n<p style=\"text-align: justify;\"><span style=\"text-align: justify;\">Participez \u00e0 une s\u00e9rie de projets et soutenez nos activit\u00e9s locales visant \u00e0 sensibiliser le monde pour la lib\u00e9ration de Victoire Ingabire Umuhoza et \u00e0 promouvoir ses r\u00e9alisations et ses principes de paix.<\/span><\/p>\n<\/div>\n<div class=\"csColumnGap\" style=\"margin: 0px; padding: 0px; float: left; width: 4.17%;\"><img decoding=\"async\" style=\"border: none;\" src=\"http:\/\/www.friendsofvictoire.org\/wp-content\/plugins\/advanced-wp-columns\/assets\/js\/plugins\/views\/img\/1x1-pixel.png\" alt=\"\" \/><\/div>\n<div class=\"csColumn\" style=\"margin: 0px; padding: 0px; float: left; width: 32%;\" data-csstartpoint=\"642\" data-csendpoint=\"949\" data-cswidth=\"32.0%\" data-csid=\"5bae274b-e1c2-8ca3-a5f8-fd60bccd46f7\">\n<h3><a title=\"Nous soutenir\" href=\"http:\/\/www.friendsofvictoire.org\/fr\/soutenir\/\">Faites un don \u00e0 FoV<\/a><a href=\"http:\/\/www.friendsofvictoire.org\/donate\/\"><img loading=\"lazy\" decoding=\"async\" style=\"font-size: 16px; text-align: justify;\" src=\"http:\/\/www.friendsofvictoire.org\/wp-content\/uploads\/2014\/03\/make-a-donation.jpg\" alt=\"\" width=\"300\" height=\"220\" \/><\/a><\/h3>\n<p style=\"text-align: justify;\">Faites un don \u00e0 Friends of Victoire et soutenez notre travail pour sensibiliser le monde pour la lib\u00e9ration de Victoire Ingabire Umuhoza. Nous ne pouvons rien faire sans votre aide. <a title=\"Nous soutenir\" href=\"http:\/\/www.friendsofvictoire.org\/fr\/soutenir\/\"><img loading=\"lazy\" decoding=\"async\" class=\"alignright size-full wp-image-178\" src=\"http:\/\/www.friendsofvictoire.org\/wp-content\/uploads\/2014\/01\/PayPal-Donate-150.png\" alt=\"PayPal-Donate 150\" width=\"150\" height=\"70\" \/><\/a><\/p>\n<\/div>\n<div class=\"csColumnGap\" style=\"margin: 0px; padding: 0px; float: left; width: 1.15%;\"><img decoding=\"async\" style=\"border: none;\" src=\"http:\/\/www.friendsofvictoire.org\/wp-content\/plugins\/advanced-wp-columns\/assets\/js\/plugins\/views\/img\/1x1-pixel.png\" alt=\"\" \/><\/div>\n<hr noshade=\"noshade\" size=\"6\" \/>\n<\/div>\n<div class=\"csRow\">\n<div class=\"csColumnGap\" style=\"margin: 0px; padding: 0px; float: left; width: 2.81%;\"><img decoding=\"async\" style=\"border: none;\" src=\"http:\/\/www.friendsofvictoire.org\/wp-content\/plugins\/advanced-wp-columns\/assets\/js\/plugins\/views\/img\/1x1-pixel.png\" alt=\"\" \/><\/div>\n<div class=\"csColumn\" style=\"margin: 0px; padding: 0px; float: left; width: 31.9%;\" data-csstartpoint=\"27\" data-csendpoint=\"333\" data-cswidth=\"31.9%\" data-csid=\"117db86c-b41f-4a99-8d9f-bd9ee66ae622\">\n\n\n<!-- Fast Secure Contact Form plugin 4.0.41 - begin - FastSecureContactForm.com -->\r\n<div style=\"clear:both;\"><\/div>\n<p>Vos commentaires ou questions sont bienvenues.<\/p>\r\n<div id=\"FSContact1\" style=\"width:99%; max-width:555px;\">\r\n<form action=\"https:\/\/www.friendsofvictoire.org\/fr\/wp-json\/wp\/v2\/pages\/32#FSContact1\" id=\"fscf_form1\" method=\"post\">\r\n\n<div id=\"fscf_required1\">\n  <span style=\"text-align:left;\">*<\/span> <span style=\"text-align:left;\">indique un champ requis<\/span>\n<\/div>\n\n\n<div id=\"fscf_div_clear1_0\" style=\"clear:both;\">\n  <div id=\"fscf_div_field1_0\" style=\"clear:left; float:left; width:99%; max-width:550px; margin-right:10px;\">\r\n    <div style=\"text-align:left; padding-top:5px;\">\n      <label style=\"text-align:left;\" for=\"fscf_name1\">Nom<span style=\"text-align:left;\">*<\/span><\/label>\n    <\/div>\r\n    <div style=\"text-align:left;\">\r\n      <input style=\"text-align:left; margin:0; width:99%; max-width:250px;\" type=\"text\" id=\"fscf_name1\" name=\"full_name\" value=\"\"  \/>\r\n    <\/div>\r\n  <\/div>\n<\/div>\n\n<div id=\"fscf_div_clear1_1\" style=\"clear:both;\">\n  <div id=\"fscf_div_field1_1\" style=\"clear:left; float:left; width:99%; max-width:550px; margin-right:10px;\">\n    <div style=\"text-align:left; padding-top:5px;\">\n      <label style=\"text-align:left;\" for=\"fscf_email1\">Courriel<span style=\"text-align:left;\">*<\/span><\/label>\n    <\/div>\n    <div style=\"text-align:left;\">\n      <input style=\"text-align:left; margin:0; width:99%; max-width:250px;\" type=\"text\" id=\"fscf_email1\" name=\"email\" value=\"\"  \/>\n    <\/div>\n  <\/div>\n<\/div>\n\n<div id=\"fscf_div_clear1_2\" style=\"clear:both;\">\n  <div id=\"fscf_div_field1_2\" style=\"clear:left; float:left; width:99%; max-width:550px; margin-right:10px;\">\n    <div style=\"text-align:left; padding-top:5px;\">\n      <label style=\"text-align:left;\" for=\"fscf_field1_2\">Sujet<span style=\"text-align:left;\">*<\/span><\/label>\n    <\/div>\n    <div style=\"text-align:left;\">\n      <input style=\"text-align:left; margin:0; width:99%; max-width:250px;\" type=\"text\" id=\"fscf_field1_2\" name=\"subject\" value=\"\"  \/>\n    <\/div>\n  <\/div>\n<\/div>\n\n<div id=\"fscf_div_clear1_3\" style=\"clear:both;\">\n  <div id=\"fscf_div_field1_3\" style=\"clear:left; float:left; width:99%; max-width:550px; margin-right:10px;\">\n    <div style=\"text-align:left; padding-top:5px;\">\n      <label style=\"text-align:left;\" for=\"fscf_field1_3\">Message<span style=\"text-align:left;\">*<\/span><\/label>\n    <\/div>\n    <div style=\"text-align:left;\">\n      <textarea style=\"text-align:left; margin:0; width:99%; max-width:250px; height:120px;\" id=\"fscf_field1_3\" name=\"message\" cols=\"30\" rows=\"10\" ><\/textarea>\n    <\/div>\n  <\/div>\n<\/div>\r\n<div style=\"clear:both;\"><\/div>\n\n<div style=\"text-align:left; padding-top:5px;\">\n<\/div>\n<div id=\"fscf_captcha_image_div1\" style=\"width:250px; height:65px; padding-top:2px;\">\n      <img loading=\"lazy\" decoding=\"async\" id=\"fscf_captcha_image1\" style=\"border-style:none; margin:0; padding:0px; padding-right:5px; float:left;\" src=\"https:\/\/www.friendsofvictoire.org\/fr\/wp-content\/plugins\/si-contact-form\/captcha\/securimage_show.php?prefix=Lv6dOiX2yTdsku5D\" width=\"175\" height=\"60\" alt=\"Image Anti-spam\" title=\"Image Anti-spam\" \/>\n      <input id=\"fscf_captcha_prefix1\" type=\"hidden\" name=\"fscf_captcha_prefix1\" value=\"Lv6dOiX2yTdsku5D\" \/>\n     <div id=\"fscf_captcha_refresh1\">\n        <a href=\"#\" rel=\"nofollow\" title=\"Rafra\u00eechir l&#039;image\" onclick=\"fscf_captcha_refresh('1','\/fr\/wp-content\/plugins\/si-contact-form\/captcha','https:\/\/www.friendsofvictoire.org\/fr\/wp-content\/plugins\/si-contact-form\/captcha\/securimage_show.php?prefix='); return false;\">\n        <img loading=\"lazy\" decoding=\"async\" src=\"https:\/\/www.friendsofvictoire.org\/fr\/wp-content\/plugins\/si-contact-form\/captcha\/images\/refresh.png\" width=\"22\" height=\"20\" alt=\"Rafra\u00eechir l&#039;image\" style=\"border-style:none; margin:0; padding:0px; vertical-align:bottom;\" onclick=\"this.blur();\" \/><\/a>\r\n     <\/div>\r\n<\/div>\r\n\r\n<div id=\"fscf_captcha_field1\" style=\"text-align:left; padding-top:5px;\">\r\n     <label style=\"text-align:left;\" for=\"fscf_captcha_code1\">Code Anti-spam<span style=\"text-align:left;\">*<\/span><\/label>\r\n<\/div>\r\n<div style=\"text-align:left;\">\n     <input style=\"text-align:left; margin:0; width:50px;\" type=\"text\" value=\"\" id=\"fscf_captcha_code1\" name=\"captcha_code\"  \/>\n<\/div>\n\n<div id=\"fscf_submit_div1\" style=\"text-align:left; clear:both; padding-top:15px;\">\r\n\t\t<input type=\"submit\" id=\"fscf_submit1\" style=\"cursor:pointer; margin:0;\" value=\"Envoyer\"  onclick=\"this.disabled=true; this.value='Submitting...'; this.form.submit();\" \/> \n<\/div>\n\n<input type=\"hidden\" name=\"fscf_submitted\" value=\"0\" \/>\n<input type=\"hidden\" name=\"fs_postonce_1\" value=\"308641d8d973212201123c4de5a2ff05,1777655306\" \/>\n<input type=\"hidden\" name=\"si_contact_action\" value=\"send\" \/>\n<input type=\"hidden\" name=\"form_id\" value=\"1\" \/>\n<input type=\"hidden\" name=\"mailto_id\" value=\"1\" \/>\n\n<\/form>\n<\/div>\r\n<div style=\"clear:both;\"><\/div>\n\n<!-- Fast Secure Contact Form plugin 4.0.41 - end - FastSecureContactForm.com -->\n\n<\/div>\n<div class=\"csColumnGap\" style=\"margin: 0px; padding: 0px; float: left; width: 5.73%;\"><img decoding=\"async\" style=\"border: none;\" src=\"http:\/\/www.friendsofvictoire.org\/wp-content\/plugins\/advanced-wp-columns\/assets\/js\/plugins\/views\/img\/1x1-pixel.png\" alt=\"\" \/><\/div>\n<div class=\"csColumn\" style=\"margin: 0px; padding: 0px; float: left; width: 50.2%;\" data-csstartpoint=\"388\" data-csendpoint=\"870\" data-cswidth=\"50.2%\" data-csid=\"6bf86c76-c896-e0fd-9c2e-99f37f5da5d8\">\n<p style=\"text-align: justify;\"><strong><br \/>\nSi Friends of Victoire vous semble l&rsquo;organisation de votre choix pour soutenir Victoire Ingabire, n&rsquo;hesitez pas \u00e0 nous contacter.<\/strong><\/p>\n<p style=\"text-align: justify;\">Veuillez remplir le formulaire ci-dessous et nous vous r\u00e9pondrons sous peu.<\/p>\n<p style=\"text-align: justify;\">Devenez membre d\u00e8s maintenant et travaillez pour la justice pour une femme qui s&rsquo;est lev\u00e9e pour tous les Rwandais.<\/p>\n<p>Devenir membre de Friends of Victoire, c\u2019est s\u2019assurer la possibilit\u00e9 de partager sa passion avec d&rsquo;autres amis de Victoire.<\/p>\n<p>En devenant membre, vous renforcerez cette grande cha\u00eene de solidarit\u00e9 humaine qu\u2019est l&rsquo;organisation Friends of Victoire et vous aiderez le seul et le plus grand mouvement d\u00e9di\u00e9 uniquement \u00e0 Victoire Ingabire et ses camarades de lutte.<\/p>\n<\/div>\n<div class=\"csColumnGap\" style=\"margin: 0px; padding: 0px; float: left; width: 9.38%;\"><img decoding=\"async\" style=\"border: none;\" src=\"http:\/\/www.friendsofvictoire.org\/wp-content\/plugins\/advanced-wp-columns\/assets\/js\/plugins\/views\/img\/1x1-pixel.png\" alt=\"\" \/><\/div>\n<div style=\"clear: both; float: none; display: block; visibility: hidden; width: 0px; font-size: 0px; line-height: 0;\"><\/div>\n<\/div>\n<p>&nbsp;<\/p>\n","protected":false},"excerpt":{"rendered":"<p>Devenir un ami Rejoignez notre communaut\u00e9 des Friends of Victoire et d&rsquo;utiliser vos talents, vos comp\u00e9tences professionnelles et \u00e9nergie pour d\u00e9fendre Victoire Ingabire Umuhoza et ses camarades de lutte. Devenir b\u00e9n\u00e9vole Participez \u00e0 une s\u00e9rie de projets et soutenez nos activit\u00e9s locales visant \u00e0 sensibiliser le monde pour la lib\u00e9ration \u2026<\/p>\n<p> <a class=\"continue-reading-link\" href=\"https:\/\/www.friendsofvictoire.org\/fr\/intervenir\/\">Continuer \u00e0 lire<i class=\"icon-right-dir\"><\/i><\/a><\/p>\n","protected":false},"author":1,"featured_media":67,"parent":0,"menu_order":0,"comment_status":"closed","ping_status":"closed","template":"","meta":{"footnotes":""},"class_list":["post-32","page","type-page","status-publish","has-post-thumbnail","hentry"],"_links":{"self":[{"href":"https:\/\/www.friendsofvictoire.org\/fr\/wp-json\/wp\/v2\/pages\/32","targetHints":{"allow":["GET"]}}],"collection":[{"href":"https:\/\/www.friendsofvictoire.org\/fr\/wp-json\/wp\/v2\/pages"}],"about":[{"href":"https:\/\/www.friendsofvictoire.org\/fr\/wp-json\/wp\/v2\/types\/page"}],"author":[{"embeddable":true,"href":"https:\/\/www.friendsofvictoire.org\/fr\/wp-json\/wp\/v2\/users\/1"}],"replies":[{"embeddable":true,"href":"https:\/\/www.friendsofvictoire.org\/fr\/wp-json\/wp\/v2\/comments?post=32"}],"version-history":[{"count":8,"href":"https:\/\/www.friendsofvictoire.org\/fr\/wp-json\/wp\/v2\/pages\/32\/revisions"}],"predecessor-version":[{"id":72,"href":"https:\/\/www.friendsofvictoire.org\/fr\/wp-json\/wp\/v2\/pages\/32\/revisions\/72"}],"wp:featuredmedia":[{"embeddable":true,"href":"https:\/\/www.friendsofvictoire.org\/fr\/wp-json\/wp\/v2\/media\/67"}],"wp:attachment":[{"href":"https:\/\/www.friendsofvictoire.org\/fr\/wp-json\/wp\/v2\/media?parent=32"}],"curies":[{"name":"wp","href":"https:\/\/api.w.org\/{rel}","templated":true}]}}