{"id":44,"date":"2015-03-21T17:44:25","date_gmt":"2015-03-21T17:44:25","guid":{"rendered":"http:\/\/www.friendsofvictoire.org\/fr\/?page_id=44"},"modified":"2015-03-22T15:53:03","modified_gmt":"2015-03-22T15:53:03","slug":"nomination-de-victoire-ingabire-au-prix-sakharov","status":"publish","type":"page","link":"https:\/\/www.friendsofvictoire.org\/fr\/nomination-de-victoire-ingabire-au-prix-sakharov\/","title":{"rendered":"Nomination de Victoire Ingabire au Prix Sakharov"},"content":{"rendered":"<p style=\"text-align: justify;\"><img loading=\"lazy\" decoding=\"async\" class=\"aligncenter size-full wp-image-61\" src=\"http:\/\/www.friendsofvictoire.org\/fr\/wp-content\/uploads\/2015\/03\/prix-sakharov.jpg\" alt=\"Prix Sakharov\" width=\"550\" height=\"197\" srcset=\"https:\/\/www.friendsofvictoire.org\/fr\/wp-content\/uploads\/2015\/03\/prix-sakharov.jpg 550w, https:\/\/www.friendsofvictoire.org\/fr\/wp-content\/uploads\/2015\/03\/prix-sakharov-300x107.jpg 300w, https:\/\/www.friendsofvictoire.org\/fr\/wp-content\/uploads\/2015\/03\/prix-sakharov-250x90.jpg 250w, https:\/\/www.friendsofvictoire.org\/fr\/wp-content\/uploads\/2015\/03\/prix-sakharov-150x54.jpg 150w\" sizes=\"auto, (max-width: 550px) 100vw, 550px\" \/>Plusieurs ONG, dont le Comit\u00e9 de Solidarit\u00e9 avec l\u2019Afrique noire (<a href=\"http:\/\/www.umoya.org\/\" target=\"_blank\">Federacion de Comit\u00e9s de Solidaridad con Africa Negra<\/a>), ONG espagnole membre d\u2019EurAc, en partenariat avec le RIFDP, ont lanc\u00e9 une campagne pr\u00e9sentant <a href=\"http:\/\/www.rifdp-iwndp.org\/ces-femmes-qui-nous-epatent\/madame-victoire-ingabire-umuhoza\/\" target=\"_blank\">Mme Victoire Ingabire Umuhoza<\/a> comme candidate pour le Prix Sakharov 2012. Ces ONG consid\u00e8rent Mme Ingabire comme \u201cun bon exemple de la lutte pour la libert\u00e9, la d\u00e9mocratie, les Droits de l\u2019Homme et la justice, au profit du peuple rwandais \u00e0 travers la voie pacifique et non violente\u201d. Pour ces ONG, <a title=\"Madame Victoire Ingabire Umuhoza\" href=\"http:\/\/www.rifdp-iwndp.org\/madame-victoire-ingabire-umuhoza\/\">Mme Ingabire<\/a> est aussi un t\u00e9moignage \u00e9loquent de \u00abla grande r\u00e9pression qui s\u2019abat sur tous ceux qui osent d\u00e9fier le pouvoir absolu du Pr\u00e9sident Paul Kagame\u00bb.<\/p>\n<p style=\"text-align: justify;\">Cr\u00e9\u00e9 en 1988 le <a href=\"http:\/\/fr.wikipedia.org\/wiki\/Prix_Sakharov\" target=\"_blank\">Prix Sakharov<\/a> r\u00e9compense chaque ann\u00e9e des personnalit\u00e9s ou des collectifs qui \u00ab s\u2019efforcent de d\u00e9fendre les Droits de l\u2019homme et les libert\u00e9s fondamentales \u00bb. Il est remis aux alentours du 10 d\u00e9cembre, date d\u2019anniversaire de la signature de la D\u00e9claration universelle des Droits de l\u2019Homme.<\/p>\n<p style=\"text-align: justify;\">Parmi les anciens laur\u00e9ats de ce prix se trouvent notamment Nelson Mandela et <a title=\"Aung San Suu Kyi\" href=\"http:\/\/www.rifdp-iwndp.org\/ces-femmes-qui-nous-epatent\/aung-san-suu-kyi\/\" target=\"_blank\">Aung San Suu Kyi<\/a>.<\/p>\n<p style=\"text-align: justify;\">Les parlementaires europ\u00e9ens justifient leur choix de proposer trois opposants rwandais dont Victoire Ingabire Umuhoza, par le fait que ces trois prisonniers politiques ont \u00ab essay\u00e9 de mettre fin au cycle de violence en pr\u00f4nant le dialogue et la r\u00e9conciliation \u00bb.<\/p>\n<p style=\"text-align: justify;\">Les candidats s\u00e9lectionn\u00e9s ont \u00e9t\u00e9 pr\u00e9sent\u00e9s par le groupe politique, ou par les 40 d\u00e9put\u00e9s individuels, qui les ont soutenus. Le laur\u00e9at sera choisi par la conf\u00e9rence des pr\u00e9sidents, fin octobre, et recevra une r\u00e9compense de 50 000 euros.<\/p>\n<p style=\"text-align: justify;\">Les candidats s\u00e9lectionn\u00e9s:<\/p>\n<ul style=\"text-align: justify;\">\n<li>Ales Bialiatski est un militant des droits de l\u2019homme du Belarus;<\/li>\n<li>Joseph Francis est le fondateur du Centre d\u2019aide juridique, d\u2019assistance et de relogement (CLASS) du Pakistan,<\/li>\n<li><a title=\"Madame Victoire Ingabire Umuhoza\" href=\"http:\/\/www.rifdp-iwndp.org\/ces-femmes-qui-nous-epatent\/madame-victoire-ingabire-umuhoza\/\" target=\"_blank\">Victoire Ingabire Umuhoza<\/a>, D\u00e9ogratias Mushayidi et Bernard Ntaganda sont trois repr\u00e9sentants des opposants politiques rwandais;<\/li>\n<li>Les Pussy Riots sont un groupe de musique punk russe (repr\u00e9sent\u00e9 par Nadezhda Andreyevna Tolokonnikova, Yekaterina Samutsevich et Maria Alyokhina);<\/li>\n<li>Nasrin Sotoudeh et Jafar Panahi, sont deux militants iraniens des droits de l\u2019homme.<\/li>\n<\/ul>\n<p style=\"text-align: justify;\">Le Prix du Parlement europ\u00e9en pour la libert\u00e9 de l\u2019esprit r\u00e9compense des individus ou des organisations pour leurs efforts en faveur des droits de l\u2019homme, de la d\u00e9mocratie et de la libert\u00e9 d\u2019expression et pour leur combat contre l\u2019intol\u00e9rance et l\u2019oppression, a fait observer Elmar Brok (PPE, DE), pr\u00e9sident de la commission des affaires \u00e9trang\u00e8res.<\/p>\n","protected":false},"excerpt":{"rendered":"<p>Plusieurs ONG, dont le Comit\u00e9 de Solidarit\u00e9 avec l\u2019Afrique noire (Federacion de Comit\u00e9s de Solidaridad con Africa Negra), ONG espagnole membre d\u2019EurAc, en partenariat avec le RIFDP, ont lanc\u00e9 une campagne pr\u00e9sentant Mme Victoire Ingabire Umuhoza comme candidate pour le Prix Sakharov 2012. Ces ONG consid\u00e8rent Mme Ingabire comme \u201cun \u2026<\/p>\n<p> <a class=\"continue-reading-link\" href=\"https:\/\/www.friendsofvictoire.org\/fr\/nomination-de-victoire-ingabire-au-prix-sakharov\/\">Continuer \u00e0 lire<i class=\"icon-right-dir\"><\/i><\/a><\/p>\n","protected":false},"author":1,"featured_media":63,"parent":0,"menu_order":0,"comment_status":"closed","ping_status":"closed","template":"","meta":{"footnotes":""},"class_list":["post-44","page","type-page","status-publish","has-post-thumbnail","hentry"],"_links":{"self":[{"href":"https:\/\/www.friendsofvictoire.org\/fr\/wp-json\/wp\/v2\/pages\/44","targetHints":{"allow":["GET"]}}],"collection":[{"href":"https:\/\/www.friendsofvictoire.org\/fr\/wp-json\/wp\/v2\/pages"}],"about":[{"href":"https:\/\/www.friendsofvictoire.org\/fr\/wp-json\/wp\/v2\/types\/page"}],"author":[{"embeddable":true,"href":"https:\/\/www.friendsofvictoire.org\/fr\/wp-json\/wp\/v2\/users\/1"}],"replies":[{"embeddable":true,"href":"https:\/\/www.friendsofvictoire.org\/fr\/wp-json\/wp\/v2\/comments?post=44"}],"version-history":[{"count":4,"href":"https:\/\/www.friendsofvictoire.org\/fr\/wp-json\/wp\/v2\/pages\/44\/revisions"}],"predecessor-version":[{"id":62,"href":"https:\/\/www.friendsofvictoire.org\/fr\/wp-json\/wp\/v2\/pages\/44\/revisions\/62"}],"wp:featuredmedia":[{"embeddable":true,"href":"https:\/\/www.friendsofvictoire.org\/fr\/wp-json\/wp\/v2\/media\/63"}],"wp:attachment":[{"href":"https:\/\/www.friendsofvictoire.org\/fr\/wp-json\/wp\/v2\/media?parent=44"}],"curies":[{"name":"wp","href":"https:\/\/api.w.org\/{rel}","templated":true}]}}