{"id":6,"date":"2015-03-18T23:43:25","date_gmt":"2015-03-18T23:43:25","guid":{"rendered":"http:\/\/www.friendsofvictoire.org\/fr\/?page_id=6"},"modified":"2015-03-21T21:42:24","modified_gmt":"2015-03-21T21:42:24","slug":"qui-sommes-nous","status":"publish","type":"page","link":"https:\/\/www.friendsofvictoire.org\/fr\/qui-sommes-nous\/","title":{"rendered":"Qui sommes nous ?"},"content":{"rendered":"<p><strong>Friends of Victoire est un groupe d\u2019hommes et de femmes de partout dans le monde qui se sont mis ensemble pour d\u00e9noncer l\u2019injustice que subissent Victoire Ingabire et ses camarades et lutter pour sa liberation.<br \/>\n.<\/strong><\/p>\n<div class=\"csRow\">\n<div class=\"csColumnGap\" style=\"margin: 0px; padding: 0px; float: left; width: 0.417%;\"><img decoding=\"async\" style=\"border: none;\" src=\"http:\/\/www.friendsofvictoire.org\/wp-content\/plugins\/advanced-wp-columns\/assets\/js\/plugins\/views\/img\/1x1-pixel.png\" alt=\"\" \/><\/div>\n<div class=\"csColumn\" style=\"margin: 0px; padding: 0px; float: left; width: 30.4%;\" data-csstartpoint=\"4\" data-csendpoint=\"296\" data-cswidth=\"30.4%\" data-csid=\"2d9b56bf-9e09-1637-916b-abc6e3f52e84\">\n<h3>Notre mission<\/h3>\n<p><img loading=\"lazy\" decoding=\"async\" src=\"http:\/\/www.friendsofvictoire.org\/wp-content\/uploads\/2014\/03\/Friends-of-Victoire-mission.jpg\" alt=\"\" width=\"300\" height=\"200\" \/><\/p>\n<p style=\"text-align: justify;\">Notre mission est de demander\u00a0\u00e0 ce que victoire \u00abingabire soit lib\u00e9rer, et\u00a0 de d\u00e9noncer l\u2019injustice qu\u2019 elle subie, elle ainsi que d\u2019autres prisonniers politiques.<\/p>\n<p style=\"text-align: justify;\">Le but de l\u2019organisation est de sensibiliser le monde\u00a0\u00e0 propos de sa d\u00e9tresse en tant que prisonni\u00e8re politique.<\/p>\n<\/div>\n<div class=\"csColumnGap\" style=\"margin: 0px; padding: 0px; float: left; width: 3.13%;\"><img decoding=\"async\" style=\"border: none;\" src=\"http:\/\/www.friendsofvictoire.org\/wp-content\/plugins\/advanced-wp-columns\/assets\/js\/plugins\/views\/img\/1x1-pixel.png\" alt=\"\" \/><\/div>\n<div class=\"csColumn\" style=\"margin: 0px; padding: 0px; float: left; width: 31.3%;\" data-csstartpoint=\"326\" data-csendpoint=\"626\" data-cswidth=\"31.3%\" data-csid=\"d8b5de47-ae71-22fe-804d-c2a992c5a9a4\">\n<h3>Nos actions<\/h3>\n<p><img loading=\"lazy\" decoding=\"async\" src=\"http:\/\/www.friendsofvictoire.org\/wp-content\/uploads\/2014\/03\/Friends-of-Victoire-at-work.jpg\" alt=\"\" width=\"300\" height=\"199\" \/><\/p>\n<p style=\"text-align: justify;\">Nous plaidons pour le chemin de victoire Ingabire qui suit l\u2019id\u00e9ologie de \u00abUbuntu\u00bb\u00a0 qui met en \u00e9vidence la n\u00e9cessit\u00e9 de la compr\u00e9hension\u00a0 et non de la violence, la n\u00e9cessit\u00e9 de la r\u00e9paration et non des repr\u00e9sailles.<br \/>\nNous esp\u00e9rons aussi facilit\u00e9 la sensibilisation et la compr\u00e9hension des probl\u00e8mes auxquels font face les prisonniers politiques.<\/p>\n<\/div>\n<div class=\"csColumnGap\" style=\"margin: 0px; padding: 0px; float: left; width: 3.13%;\"><img decoding=\"async\" style=\"border: none;\" src=\"http:\/\/www.friendsofvictoire.org\/wp-content\/plugins\/advanced-wp-columns\/assets\/js\/plugins\/views\/img\/1x1-pixel.png\" alt=\"\" \/><\/div>\n<div class=\"csColumn\" style=\"margin: 0px; padding: 0px; float: left; width: 31.3%;\" data-csstartpoint=\"656\" data-csendpoint=\"956\" data-cswidth=\"31.3%\" data-csid=\"afae0fb6-9d27-72d6-9cdd-334ac528a431\">\n<h3>Notre vision<\/h3>\n<p><img loading=\"lazy\" decoding=\"async\" src=\"http:\/\/www.friendsofvictoire.org\/wp-content\/uploads\/2014\/03\/Friends-of-Victoire-vision.jpg\" alt=\"\" width=\"300\" height=\"200\" \/><\/p>\n<p style=\"text-align: justify;\">Friends of Victoire veut c\u00e9l\u00e9brer une soci\u00e9t\u00e9 rwandaise v\u00e9ritablement r\u00e9concili\u00e9e. Friends of Victoire a pour objectif d\u2019utiliser l\u2019histoire, l\u2019exp\u00e9rience, les valeurs, la vision et le leadership de madame Victoire Ingabire Umuhoza, afin de donner une plateforme non partisan pour une v\u00e9ritable et authentique r\u00e9conciliation.<\/p>\n<p style=\"text-align: justify;\">\n<\/div>\n<div class=\"csColumnGap\" style=\"margin: 0px; padding: 0px; float: left; width: 0.417%;\"><img decoding=\"async\" style=\"border: none;\" src=\"http:\/\/www.friendsofvictoire.org\/wp-content\/plugins\/advanced-wp-columns\/assets\/js\/plugins\/views\/img\/1x1-pixel.png\" alt=\"\" \/><\/div>\n<div style=\"clear: both; float: none; display: block; visibility: hidden; width: 0px; font-size: 0px; line-height: 0;\"><\/div>\n<\/div>\n<hr noshade=\"noshade\" size=\"6\" \/>\n<p style=\"text-align: justify;\"><a href=\"http:\/\/www.friendsofvictoire.org\/wp-content\/uploads\/2014\/01\/FoV-Presentation.pdf\">[T\u00e9l\u00e9charger notre pr\u00e9sentation]<\/a><\/p>\n<p style=\"text-align: justify;\">Le point commun de tous les amis de Victoire Ingabire, est que nous avons tous \u00e9t\u00e9 touch\u00e9 par son courage et son sacrifice personnel pour le peuple rwandais.<\/p>\n<h3 style=\"text-align: left;\">Friends of Victoire est une organisation apolitique<\/h3>\n<p style=\"text-align: justify;\">Friends of Victoire n&rsquo;est affili\u00e9\u00a0\u00e0 aucun parti politique, bien que ces membres ont peuvent se rallier\u00a0\u00e0 un parti politique en dehors de l\u2019organisation. Notre objectif est de mieux aider et supporter Victoire Ingabire comme \u00e9tant ses amis personnels.<\/p>\n<h3 style=\"text-align: left;\">Friends of Victoire\u00a0une organisation sans but lucratif<\/h3>\n<p style=\"text-align: justify;\"><i>Friends of Victoire<\/i> est une organisation communautaire sans but lucratif, constitu\u00e9e d\u2019une \u00e9quipe de\u00a0 volontaires et d\u00e9pendant de la contribution et de dons de ses membres et de la communaut\u00e9.<\/p>\n<h3 style=\"text-align: left;\">Comment FoV pr\u00e9voit atteindre ses objectifs?<\/h3>\n<p style=\"text-align: justify;\"><i>Friends of Victoire<\/i> atteindra sa mission\u00a0\u00e0 travers:<\/p>\n<ul>\n<li>Organisation d\u2019ateliers et groupe d\u2019information et de discussion pour identifier et d\u00e9noncer l\u2019injustice a son \u00e9gard et a l\u2019\u00e9gard de ses camarade, pour mieux faire connaitre le lien entre le combat de Mandela pour la libert\u00e9 et celui de Victoire Ingabire pour la paix et la r\u00e9conciliation.<\/li>\n<li>Identifier et soutenir la voie qu\u2019elle sugg\u00e8re pour arriver a une v\u00e9ritable r\u00e9conciliation du peuple rwandais et continuer son travail de la cr\u00e9ation d\u2019une plateforme dont le r\u00f4le est de promouvoir la paix et la r\u00e9conciliation par la voie du dialogue, de partenariat et de collaboration<\/li>\n<li>Plaider en faveur de la croyance de victoire Ingabire dans l\u2019id\u00e9ologie de \u00abUbuntu\u00bb\u00a0 qui met en \u00e9vidence la n\u00e9cessit\u00e9 de la compr\u00e9hension\u00a0 et non de la violence, la n\u00e9cessit\u00e9 de la r\u00e9paration et non des repr\u00e9sailles<\/li>\n<li>Organiser dans le monde entier un r\u00e9seau de sensibilisation sur le combat men\u00e9 par victoire \u00abingabire<\/li>\n<li>Organiser des soir\u00e9es culturelles de lev\u00e9 de fond de soutiens aux conseillers juridiques de Victoire Ingabire, a ces supporters au Rwanda ainsi qu\u2019aux autres rwandais qui partagent les m\u00eames souffrances.<\/li>\n<\/ul>\n<p>&nbsp;<\/p>\n<p style=\"text-align: justify;\">\n","protected":false},"excerpt":{"rendered":"<p>Friends of Victoire est un groupe d\u2019hommes et de femmes de partout dans le monde qui se sont mis ensemble pour d\u00e9noncer l\u2019injustice que subissent Victoire Ingabire et ses camarades et lutter pour sa liberation. . Notre mission Notre mission est de demander\u00a0\u00e0 ce que victoire \u00abingabire soit lib\u00e9rer, et\u00a0 \u2026<\/p>\n<p> <a class=\"continue-reading-link\" href=\"https:\/\/www.friendsofvictoire.org\/fr\/qui-sommes-nous\/\">Continuer \u00e0 lire<i class=\"icon-right-dir\"><\/i><\/a><\/p>\n","protected":false},"author":1,"featured_media":66,"parent":0,"menu_order":0,"comment_status":"closed","ping_status":"closed","template":"","meta":{"footnotes":""},"class_list":["post-6","page","type-page","status-publish","has-post-thumbnail","hentry"],"_links":{"self":[{"href":"https:\/\/www.friendsofvictoire.org\/fr\/wp-json\/wp\/v2\/pages\/6","targetHints":{"allow":["GET"]}}],"collection":[{"href":"https:\/\/www.friendsofvictoire.org\/fr\/wp-json\/wp\/v2\/pages"}],"about":[{"href":"https:\/\/www.friendsofvictoire.org\/fr\/wp-json\/wp\/v2\/types\/page"}],"author":[{"embeddable":true,"href":"https:\/\/www.friendsofvictoire.org\/fr\/wp-json\/wp\/v2\/users\/1"}],"replies":[{"embeddable":true,"href":"https:\/\/www.friendsofvictoire.org\/fr\/wp-json\/wp\/v2\/comments?post=6"}],"version-history":[{"count":3,"href":"https:\/\/www.friendsofvictoire.org\/fr\/wp-json\/wp\/v2\/pages\/6\/revisions"}],"predecessor-version":[{"id":9,"href":"https:\/\/www.friendsofvictoire.org\/fr\/wp-json\/wp\/v2\/pages\/6\/revisions\/9"}],"wp:featuredmedia":[{"embeddable":true,"href":"https:\/\/www.friendsofvictoire.org\/fr\/wp-json\/wp\/v2\/media\/66"}],"wp:attachment":[{"href":"https:\/\/www.friendsofvictoire.org\/fr\/wp-json\/wp\/v2\/media?parent=6"}],"curies":[{"name":"wp","href":"https:\/\/api.w.org\/{rel}","templated":true}]}}